{"id":283,"date":"2016-05-26T16:24:04","date_gmt":"2016-05-26T16:24:04","guid":{"rendered":"http:\/\/yogthemes.com\/teach-me\/?page_id=283"},"modified":"2023-01-10T19:24:27","modified_gmt":"2023-01-11T01:24:27","slug":"creamos-alegrias","status":"publish","type":"page","link":"https:\/\/fundacioncie.org.mx\/InformeAnual\/creamos-alegrias\/","title":{"rendered":"Creamos Alegr\u00edas"},"content":{"rendered":"<section class=\"wpb-content-wrapper\"><p>[vc_row][vc_column css=&#8221;.vc_custom_1554336286326{margin-top: 30px !important;margin-bottom: -20px !important;border-bottom-width: -20px !important;padding-bottom: -20px !important;}&#8221;][vc_column_text]<img decoding=\"async\" loading=\"lazy\" class=\"size-full wp-image-1619 aligncenter\" src=\"https:\/\/fundacioncie.org.mx\/InformeAnual\/wp-content\/uploads\/2019\/04\/slider-alegriasok.jpg\" alt=\"\" width=\"1280\" height=\"855\" srcset=\"https:\/\/fundacioncie.org.mx\/InformeAnual\/wp-content\/uploads\/2019\/04\/slider-alegriasok.jpg 1280w, https:\/\/fundacioncie.org.mx\/InformeAnual\/wp-content\/uploads\/2019\/04\/slider-alegriasok-300x200.jpg 300w, https:\/\/fundacioncie.org.mx\/InformeAnual\/wp-content\/uploads\/2019\/04\/slider-alegriasok-768x513.jpg 768w, https:\/\/fundacioncie.org.mx\/InformeAnual\/wp-content\/uploads\/2019\/04\/slider-alegriasok-1024x684.jpg 1024w, https:\/\/fundacioncie.org.mx\/InformeAnual\/wp-content\/uploads\/2019\/04\/slider-alegriasok-600x401.jpg 600w\" sizes=\"(max-width: 1280px) 100vw, 1280px\" \/>[\/vc_column_text][vc_empty_space height=&#8221;50px&#8221;][\/vc_column][\/vc_row][vc_section][vc_row][vc_column width=&#8221;1\/4&#8243;][vc_column_text]<\/p>\n<h2 style=\"text-align: center;\">76 Eventos<\/h2>\n<p style=\"text-align: center;\">Conciertos, obras de teatro convenios con artistas naciones e internaciones y eventos deportivos.<\/p>\n<p>[\/vc_column_text][\/vc_column][vc_column width=&#8221;1\/4&#8243;][vc_column_text]<\/p>\n<h2 style=\"text-align: center;\">18,314 Personas Beneficiadas<\/h2>\n<p style=\"text-align: center;\">Personas mayores, mujeres en situaci\u00f3n de violencia, personas de escasos recursos, ni\u00f1as y ni\u00f1os en situaci\u00f3n de abandono, personas enfermas y j\u00f3venes con discapacidad.<\/p>\n<p>[\/vc_column_text][\/vc_column][vc_column width=&#8221;1\/4&#8243;][vc_column_text]<\/p>\n<h2 style=\"text-align: center;\">359 Instituciones Sociales<\/h2>\n<p style=\"text-align: center;\">Gubernamentales, Asociaciones Civiles (A.C.), Instituciones de Asistencia Privada (I.A.P.) y Asociaciones de Beneficencia P\u00fablica.<\/p>\n<p>[\/vc_column_text][\/vc_column][vc_column width=&#8221;1\/4&#8243;][vc_column_text]<\/p>\n<h2 style=\"text-align: center;\">5 Entidades Federativas<\/h2>\n<p style=\"text-align: center;\">Ciudad de M\u00e9xico, Estado de M\u00e9xico, Hidalgo, Guadalajara y Monterrey<\/p>\n<p>[\/vc_column_text][\/vc_column][\/vc_row][vc_row][vc_column][vc_column_text]<\/p>\n<h2><strong>Un a\u00f1o m\u00e1s fuimos parte de tradicionales celebraciones como:<\/strong><\/h2>\n<p>[\/vc_column_text][\/vc_column][\/vc_row][\/vc_section][vc_section css=&#8221;.vc_custom_1673400131787{margin-top: 100px !important;border-top-width: 100px !important;padding-top: 100px !important;}&#8221;][vc_row teach_me_layout=&#8221;full&#8221;][vc_column width=&#8221;1\/2&#8243; css=&#8221;.vc_custom_1554337444362{margin-top: -50px !important;}&#8221;][vc_column_text]<\/p>\n<h2 style=\"text-align: center;\"><img decoding=\"async\" loading=\"lazy\" class=\"alignnone wp-image-1381 size-full\" src=\"https:\/\/fundacioncie.org.mx\/InformeAnual\/wp-content\/uploads\/2019\/03\/persona-mayor-3.jpg\" alt=\"\" width=\"400\" height=\"400\" srcset=\"https:\/\/fundacioncie.org.mx\/InformeAnual\/wp-content\/uploads\/2019\/03\/persona-mayor-3.jpg 400w, https:\/\/fundacioncie.org.mx\/InformeAnual\/wp-content\/uploads\/2019\/03\/persona-mayor-3-150x150.jpg 150w, https:\/\/fundacioncie.org.mx\/InformeAnual\/wp-content\/uploads\/2019\/03\/persona-mayor-3-300x300.jpg 300w, https:\/\/fundacioncie.org.mx\/InformeAnual\/wp-content\/uploads\/2019\/03\/persona-mayor-3-100x100.jpg 100w\" sizes=\"(max-width: 400px) 100vw, 400px\" \/><\/h2>\n<h2 style=\"text-align: center;\">D\u00eda de la Persona Mayor<\/h2>\n<p style=\"text-align: center;\">Casino Campo Marte<\/p>\n<p style=\"text-align: center;\">850 invitados de 34 instituciones de Asistencia Privada<\/p>\n<p>[\/vc_column_text][\/vc_column][vc_column width=&#8221;1\/2&#8243; css=&#8221;.vc_custom_1554337451933{margin-top: -50px !important;}&#8221;][vc_column_text]<\/p>\n<h2 style=\"text-align: center;\"><img decoding=\"async\" loading=\"lazy\" class=\"alignnone wp-image-1387 size-full\" src=\"https:\/\/fundacioncie.org.mx\/InformeAnual\/wp-content\/uploads\/2019\/03\/ni\u00f1ani\u00f1o.jpg\" alt=\"\" width=\"400\" height=\"400\" srcset=\"https:\/\/fundacioncie.org.mx\/InformeAnual\/wp-content\/uploads\/2019\/03\/ni\u00f1ani\u00f1o.jpg 400w, https:\/\/fundacioncie.org.mx\/InformeAnual\/wp-content\/uploads\/2019\/03\/ni\u00f1ani\u00f1o-150x150.jpg 150w, https:\/\/fundacioncie.org.mx\/InformeAnual\/wp-content\/uploads\/2019\/03\/ni\u00f1ani\u00f1o-300x300.jpg 300w, https:\/\/fundacioncie.org.mx\/InformeAnual\/wp-content\/uploads\/2019\/03\/ni\u00f1ani\u00f1o-100x100.jpg 100w\" sizes=\"(max-width: 400px) 100vw, 400px\" \/><\/h2>\n<h2 style=\"text-align: center;\">D\u00eda de la Ni\u00f1a y el Ni\u00f1o<\/h2>\n<p style=\"text-align: center;\">Fundaci\u00f3n Bringas Haghenback, I.A.P.<\/p>\n<p style=\"text-align: center;\">400 ni\u00f1as y ni\u00f1os<\/p>\n<p>[\/vc_column_text][\/vc_column][\/vc_row][\/vc_section][vc_section][vc_row][vc_column css=&#8221;.vc_custom_1553805613970{margin-top: -10px !important;}&#8221;][vc_column_text]<\/p>\n<h2>Y orgullosamente pudimos otorgar distintos donativos.<\/h2>\n<p>[\/vc_column_text][\/vc_column][\/vc_row][\/vc_section][vc_section][vc_row teach_me_layout=&#8221;full&#8221;][vc_column width=&#8221;1\/3&#8243;][vc_column_text]<\/p>\n<h2 style=\"text-align: center;\"><img decoding=\"async\" loading=\"lazy\" class=\"alignnone size-full wp-image-1392\" src=\"https:\/\/fundacioncie.org.mx\/InformeAnual\/wp-content\/uploads\/2019\/03\/fisioterapia.jpg\" alt=\"\" width=\"400\" height=\"400\" srcset=\"https:\/\/fundacioncie.org.mx\/InformeAnual\/wp-content\/uploads\/2019\/03\/fisioterapia.jpg 400w, https:\/\/fundacioncie.org.mx\/InformeAnual\/wp-content\/uploads\/2019\/03\/fisioterapia-150x150.jpg 150w, https:\/\/fundacioncie.org.mx\/InformeAnual\/wp-content\/uploads\/2019\/03\/fisioterapia-300x300.jpg 300w, https:\/\/fundacioncie.org.mx\/InformeAnual\/wp-content\/uploads\/2019\/03\/fisioterapia-100x100.jpg 100w\" sizes=\"(max-width: 400px) 100vw, 400px\" \/><\/h2>\n<h2 style=\"text-align: center;\">$120,658.00<\/h2>\n<p style=\"text-align: center;\">Para la implementaci\u00f3n de una sala de Fisioterapia para 81 residentes de Fundaci\u00f3n Mier y Pesado, I.A.P. Casa Tacubaya<\/p>\n<p>[\/vc_column_text][\/vc_column][vc_column width=&#8221;1\/3&#8243;][vc_column_text]<\/p>\n<h2 style=\"text-align: center;\"><img decoding=\"async\" loading=\"lazy\" class=\"alignnone size-full wp-image-1393\" src=\"https:\/\/fundacioncie.org.mx\/InformeAnual\/wp-content\/uploads\/2019\/03\/consultorio.jpg\" alt=\"\" width=\"400\" height=\"400\" srcset=\"https:\/\/fundacioncie.org.mx\/InformeAnual\/wp-content\/uploads\/2019\/03\/consultorio.jpg 400w, https:\/\/fundacioncie.org.mx\/InformeAnual\/wp-content\/uploads\/2019\/03\/consultorio-150x150.jpg 150w, https:\/\/fundacioncie.org.mx\/InformeAnual\/wp-content\/uploads\/2019\/03\/consultorio-300x300.jpg 300w, https:\/\/fundacioncie.org.mx\/InformeAnual\/wp-content\/uploads\/2019\/03\/consultorio-100x100.jpg 100w\" sizes=\"(max-width: 400px) 100vw, 400px\" \/><\/h2>\n<h2 style=\"text-align: center;\">$108,000.00<\/h2>\n<p style=\"text-align: center;\">Para el equipamiento de un consultorio odontol\u00f3gico en el Centro de Desarrollo Comunitario Juan Diego, I.A.P. para atender 500 usuarios al a\u00f1o.<\/p>\n<p>[\/vc_column_text][\/vc_column][vc_column width=&#8221;1\/3&#8243;][vc_column_text]<\/p>\n<h2 style=\"text-align: center;\"><img decoding=\"async\" loading=\"lazy\" class=\"alignnone size-full wp-image-1394\" src=\"https:\/\/fundacioncie.org.mx\/InformeAnual\/wp-content\/uploads\/2019\/03\/mastograf\u00edas.jpg\" alt=\"\" width=\"400\" height=\"400\" srcset=\"https:\/\/fundacioncie.org.mx\/InformeAnual\/wp-content\/uploads\/2019\/03\/mastograf\u00edas.jpg 400w, https:\/\/fundacioncie.org.mx\/InformeAnual\/wp-content\/uploads\/2019\/03\/mastograf\u00edas-150x150.jpg 150w, https:\/\/fundacioncie.org.mx\/InformeAnual\/wp-content\/uploads\/2019\/03\/mastograf\u00edas-300x300.jpg 300w, https:\/\/fundacioncie.org.mx\/InformeAnual\/wp-content\/uploads\/2019\/03\/mastograf\u00edas-100x100.jpg 100w\" sizes=\"(max-width: 400px) 100vw, 400px\" \/><\/h2>\n<h2 style=\"text-align: center;\">150<\/h2>\n<p style=\"text-align: center;\">Mastograf\u00edas para mujeres de escasos recursos del Centro Comunitario Santa Fe con apoyo de la actriz mexicana Laura Luz.<\/p>\n<p>[\/vc_column_text][\/vc_column][\/vc_row][\/vc_section][vc_row][vc_column][vc_column_text]<\/p>\n\n<div class=\"gdgallery-gallery-container\" id=\"gdgallery-container-3\" data-id=\"3\">\n    \n<div id=\"gdgallery_container_3\" style=\"display:none;\" data-view=\"justified\">\n            <a href=\"\" target=\"_blank\">\n            <img alt=\"Roger Waters\"\n                 data-type=\"image\"\n                 src=\"https:\/\/fundacioncie.org.mx\/InformeAnual\/wp-content\/uploads\/2019\/04\/Roger-Waters-en-Concierto-4.jpg\"\n                 data-image=\"https:\/\/fundacioncie.org.mx\/InformeAnual\/wp-content\/uploads\/2019\/04\/Roger-Waters-en-Concierto-4.jpg\"\n                 data-description=\"\"\n                                 style=\"display:block\">\n        <\/a>\n            <a href=\"\" target=\"_blank\">\n            <img alt=\"Fundaci\u00f3n Mier y Pesado I.A.P\"\n                 data-type=\"image\"\n                 src=\"https:\/\/fundacioncie.org.mx\/InformeAnual\/wp-content\/uploads\/2019\/04\/Sala-de-Fisioterapia-en-Fundaci\u00f3n-Mier-y-Pesado-I.A.P-1.jpg\"\n                 data-image=\"https:\/\/fundacioncie.org.mx\/InformeAnual\/wp-content\/uploads\/2019\/04\/Sala-de-Fisioterapia-en-Fundaci\u00f3n-Mier-y-Pesado-I.A.P-1.jpg\"\n                 data-description=\"\"\n                                 style=\"display:block\">\n        <\/a>\n            <a href=\"\" target=\"_blank\">\n            <img alt=\"Vaselina\"\n                 data-type=\"image\"\n                 src=\"https:\/\/fundacioncie.org.mx\/InformeAnual\/wp-content\/uploads\/2019\/04\/Vaselina.jpg\"\n                 data-image=\"https:\/\/fundacioncie.org.mx\/InformeAnual\/wp-content\/uploads\/2019\/04\/Vaselina.jpg\"\n                 data-description=\"\"\n                                 style=\"display:block\">\n        <\/a>\n            <a href=\"\" target=\"_blank\">\n            <img alt=\"D\u00eda de la Persona Mayor \"\n                 data-type=\"image\"\n                 src=\"https:\/\/fundacioncie.org.mx\/InformeAnual\/wp-content\/uploads\/2019\/04\/D\u00eda-de-la-Persona-Mayor-con-la-\u00danica-Internacional-Sonora-Santanera-2.jpg\"\n                 data-image=\"https:\/\/fundacioncie.org.mx\/InformeAnual\/wp-content\/uploads\/2019\/04\/D\u00eda-de-la-Persona-Mayor-con-la-\u00danica-Internacional-Sonora-Santanera-2.jpg\"\n                 data-description=\"\"\n                                 style=\"display:block\">\n        <\/a>\n            <a href=\"\" target=\"_blank\">\n            <img alt=\"Consultorio Odontol\u00f3gico Juan Diego \"\n                 data-type=\"image\"\n                 src=\"https:\/\/fundacioncie.org.mx\/InformeAnual\/wp-content\/uploads\/2019\/04\/Consultorio-Odontol\u00f3gico-Juan-Diego-con-Gloria-Aura-y-Mauricio-Salas-1.jpg\"\n                 data-image=\"https:\/\/fundacioncie.org.mx\/InformeAnual\/wp-content\/uploads\/2019\/04\/Consultorio-Odontol\u00f3gico-Juan-Diego-con-Gloria-Aura-y-Mauricio-Salas-1.jpg\"\n                 data-description=\"\"\n                                 style=\"display:block\">\n        <\/a>\n            <a href=\"\" target=\"_blank\">\n            <img alt=\"Disney on Ice Frozen\"\n                 data-type=\"image\"\n                 src=\"https:\/\/fundacioncie.org.mx\/InformeAnual\/wp-content\/uploads\/2019\/04\/Disney-on-Ice-Frozen-1.jpeg\"\n                 data-image=\"https:\/\/fundacioncie.org.mx\/InformeAnual\/wp-content\/uploads\/2019\/04\/Disney-on-Ice-Frozen-1.jpeg\"\n                 data-description=\"\"\n                                 style=\"display:block\">\n        <\/a>\n            <a href=\"\" target=\"_blank\">\n            <img alt=\"Mastograf\u00edas con Laura Luz \"\n                 data-type=\"image\"\n                 src=\"https:\/\/fundacioncie.org.mx\/InformeAnual\/wp-content\/uploads\/2019\/04\/Mastograf\u00edas-con-Laura-Luz-2.jpg\"\n                 data-image=\"https:\/\/fundacioncie.org.mx\/InformeAnual\/wp-content\/uploads\/2019\/04\/Mastograf\u00edas-con-Laura-Luz-2.jpg\"\n                 data-description=\"\"\n                                 style=\"display:block\">\n        <\/a>\n            <a href=\"\" target=\"_blank\">\n            <img alt=\"Hello, Dolly!\"\n                 data-type=\"image\"\n                 src=\"https:\/\/fundacioncie.org.mx\/InformeAnual\/wp-content\/uploads\/2019\/04\/Hello-Dolly.jpg\"\n                 data-image=\"https:\/\/fundacioncie.org.mx\/InformeAnual\/wp-content\/uploads\/2019\/04\/Hello-Dolly.jpg\"\n                 data-description=\"\"\n                                 style=\"display:block\">\n        <\/a>\n            <a href=\"\" target=\"_blank\">\n            <img alt=\"Moderatto\"\n                 data-type=\"image\"\n                 src=\"https:\/\/fundacioncie.org.mx\/InformeAnual\/wp-content\/uploads\/2019\/04\/Moderatto.jpg\"\n                 data-image=\"https:\/\/fundacioncie.org.mx\/InformeAnual\/wp-content\/uploads\/2019\/04\/Moderatto.jpg\"\n                 data-description=\"\"\n                                 style=\"display:block\">\n        <\/a>\n            <a href=\"\" target=\"_blank\">\n            <img alt=\"Corona Capital\"\n                 data-type=\"image\"\n                 src=\"https:\/\/fundacioncie.org.mx\/InformeAnual\/wp-content\/uploads\/2019\/04\/CoronaCapital.jpg\"\n                 data-image=\"https:\/\/fundacioncie.org.mx\/InformeAnual\/wp-content\/uploads\/2019\/04\/CoronaCapital.jpg\"\n                 data-description=\"\"\n                                 style=\"display:block\">\n        <\/a>\n    <\/div>\n\n\n\n<script type=\"text\/javascript\">\n\n\n    (function() {\n        var runMyCode = function() {\n            jQuery(document).ready(function () {\n                var container = jQuery(\"#gdgallery_container_3\");\n                container.unitegallery({\"gallery_theme\":\"justified\",\"tiles_type\":\"justified\",\"tiles_justified_space_between\":10,\"tile_enable_textpanel\":true,\"tile_textpanel_always_on\":true,\"tile_textpanel_title_text_align\":\"center\",\"tile_textpanel_title_font_size\":\"16\",\"tile_textpanel_title_color\":\"#FFFFFF\",\"tile_textpanel_bg_color\":\"#333333\",\"tile_textpanel_bg_opacity\":0.6999999999999999555910790149937383830547332763671875,\"tile_enable_border\":true,\"tile_border_width\":\"0\",\"tile_border_color\":\"#333333\",\"tile_border_radius\":\"0\",\"tile_enable_overlay\":true,\"tile_enable_image_effect\":true,\"tile_image_effect_type\":\"blur\",\"tile_image_effect_reverse\":true,\"tile_enable_shadow\":false,\"tile_as_link\":false,\"tile_enable_icons\":true,\"tile_show_link_icon\":true,\"tile_textpanel_appear_type\":\"slide\",\"tile_textpanel_position\":\"inside_bottom\",\"tile_link_newpage\":true,\"lightbox_type\":\"wide\",\"lightbox_arrows_offset\":0,\"lightbox_overlay_color\":\"#000000\",\"lightbox_overlay_opacity\":1,\"lightbox_top_panel_opacity\":1,\"lightbox_show_numbers\":true,\"lightbox_numbers_size\":\"15\",\"lightbox_numbers_color\":\"#FFFFFF\",\"lightbox_slider_image_border_width\":\"0\",\"lightbox_slider_image_border_color\":\"#FFFFFF\",\"lightbox_slider_image_border_radius\":0,\"lightbox_slider_image_shadow\":true,\"lightbox_slider_control_swipe\":true,\"lightbox_slider_control_zoom\":true,\"lightbox_slider_image_border\":true,\"lightbox_show_textpanel\":true,\"lightbox_textpanel_enable_title\":true,\"lightbox_textpanel_enable_description\":false,\"lightbox_textpanel_padding_top\":5,\"lightbox_textpanel_padding_bottom\":5,\"lightbox_textpanel_padding_right\":5,\"lightbox_textpanel_padding_left\":5,\"lightbox_textpanel_title_color\":\"#FFFFFF\",\"lightbox_textpanel_title_text_align\":\"center\",\"lightbox_textpanel_title_font_size\":\"16\",\"lightbox_textpanel_desc_color\":\"#FFFFFF\",\"lightbox_textpanel_desc_text_align\":\"center\",\"lightbox_textpanel_desc_font_size\":\"14\"});\n            });\n        };\n        var timer = function() {\n            if (window.jQuery) {runMyCode(window.jQuery);}\n            else {window.setTimeout(timer, 100);}\n        };\n        timer();\n    })();\n<\/script><style>\n#gdgallery-container-3 {\n   text-align: center}\n\n.gdgallery-pagination-3{\ntext-align: center !important;\n}\n\n.gdgallery-pagination-3 a{\n    font-size: 15px !important;\n    padding: 8px 13px !important;\n    margin: 3px !important;\n    border: 1px solid #333333 !important;\n    border-radius: 0px !important;\n    color: #333333 !important;\n    background-color: #FFFFFF !important;\n    font-family: monospace !important;\n}\n\n.gdgallery-pagination-3 a:hover, .gdgallery-pagination-3 a.gdgallery-pagination-icon-active{\n    color: #FFFFFF !important;\n    background-color: #333333 !important;\n    border-color: #333333 !important;\n}\n\n#gdgallery-container-3 .gdgallery_load_more_space{\n    margin-top: 20px !important;\n    text-align: center !important;\n}\n\n#gdgallery-container-3 .gdgallery_load_more_space button{\n                      padding: 8px 13px !important;\n    font-size: 15px !important;\n    background-color: #333333 !important;\n    color: #FFFFFF !important;\n    border:1px solid #333333 !important;\n                      border-radius: 0px !important;\n                      font-family: monospace !important;\n                  }\n#gdgallery-container-3 .gdgallery_load_more_space button:hover{\n                      background-color: #FFFFFF !important;\n                      color: #333333 !important;\n                      border-color: #333333 !important;\n                  }\n\n#gdgallery-container-3 .gdgallery_load_more_space button,\n#gdgallery-container-3 .gdgallery_load_more_space button:hover,\n#gdgallery-container-3 .gdgallery_load_more_space button:active,\n#gdgallery-container-3 .gdgallery_load_more_space button:focus{\n    outline: none !important;\n}\n\n\n#gdgallery-container-3 .gdgallery_loading li{\n                      border: 3px solid #333333 !important;\n                  }\n\n.ug-lightbox .ug-lightbox-top-panel-overlay{\n    background-color: #000000 !important;\n}\n\n\n                  #gdgallery_container_3{}\n<\/style>\n\n\n\n<\/div>\n\n\n\n\n\n\n<p>[\/vc_column_text][\/vc_column][\/vc_row]<\/p>\n<\/section>","protected":false},"excerpt":{"rendered":"<p>[vc_row][vc_column css=&#8221;.vc_custom_1554336286326{margin-top: 30px !important;margin-bottom: -20px !important;border-bottom-width: -20px !important;padding-bottom: -20px !important;}&#8221;][vc_column_text][\/vc_column_text][vc_empty_space height=&#8221;50px&#8221;][\/vc_column][\/vc_row][vc_section][vc_row][vc_column width=&#8221;1\/4&#8243;][vc_column_text] 76 Eventos Conciertos, obras de teatro convenios con artistas naciones e internaciones y eventos deportivos. [\/vc_column_text][\/vc_column][vc_column width=&#8221;1\/4&#8243;][vc_column_text] 18,314 Personas Beneficiadas Personas mayores, mujeres en situaci\u00f3n de violencia, personas de escasos recursos, ni\u00f1as y ni\u00f1os en situaci\u00f3n de abandono, personas enfermas y j\u00f3venes con &hellip;<\/p>\n<p class=\"read-more\"> <a class=\"\" href=\"https:\/\/fundacioncie.org.mx\/InformeAnual\/creamos-alegrias\/\"> <span class=\"screen-reader-text\">Creamos Alegr\u00edas<\/span> Read More &raquo;<\/a><\/p>\n","protected":false},"author":1,"featured_media":0,"parent":0,"menu_order":0,"comment_status":"closed","ping_status":"closed","template":"","meta":{"site-sidebar-layout":"no-sidebar","site-content-layout":"plain-container","ast-global-header-display":"","ast-main-header-display":"","ast-hfb-above-header-display":"","ast-hfb-below-header-display":"","ast-hfb-mobile-header-display":"","site-post-title":"disabled","ast-breadcrumbs-content":"","ast-featured-img":"disabled","footer-sml-layout":"","theme-transparent-header-meta":"default","adv-header-id-meta":"","stick-header-meta":"","header-above-stick-meta":"","header-main-stick-meta":"","header-below-stick-meta":""},"_links":{"self":[{"href":"https:\/\/fundacioncie.org.mx\/InformeAnual\/wp-json\/wp\/v2\/pages\/283"}],"collection":[{"href":"https:\/\/fundacioncie.org.mx\/InformeAnual\/wp-json\/wp\/v2\/pages"}],"about":[{"href":"https:\/\/fundacioncie.org.mx\/InformeAnual\/wp-json\/wp\/v2\/types\/page"}],"author":[{"embeddable":true,"href":"https:\/\/fundacioncie.org.mx\/InformeAnual\/wp-json\/wp\/v2\/users\/1"}],"replies":[{"embeddable":true,"href":"https:\/\/fundacioncie.org.mx\/InformeAnual\/wp-json\/wp\/v2\/comments?post=283"}],"version-history":[{"count":81,"href":"https:\/\/fundacioncie.org.mx\/InformeAnual\/wp-json\/wp\/v2\/pages\/283\/revisions"}],"predecessor-version":[{"id":1716,"href":"https:\/\/fundacioncie.org.mx\/InformeAnual\/wp-json\/wp\/v2\/pages\/283\/revisions\/1716"}],"wp:attachment":[{"href":"https:\/\/fundacioncie.org.mx\/InformeAnual\/wp-json\/wp\/v2\/media?parent=283"}],"curies":[{"name":"wp","href":"https:\/\/api.w.org\/{rel}","templated":true}]}}