{"id":1573,"date":"2020-02-06T16:07:02","date_gmt":"2020-02-06T16:07:02","guid":{"rendered":"https:\/\/fundacioncie.org.mx\/InformeAnual19\/?page_id=1573"},"modified":"2020-02-19T18:24:57","modified_gmt":"2020-02-19T18:24:57","slug":"formula-1","status":"publish","type":"page","link":"https:\/\/fundacioncie.org.mx\/InformeAnual19\/formula-1\/","title":{"rendered":"F\u00f3rmula 1 Gran Pemio de M\u00e9xico\u2122"},"content":{"rendered":"<section class=\"wpb-content-wrapper\"><p>[vc_row][vc_column css_animation=&#8221;fadeInDown&#8221;][rev_slider alias=&#8221;formula&#8221;][vc_empty_space][\/vc_column][\/vc_row][vc_row][vc_column][vc_column_text]<\/p>\n<div class=\"page\" title=\"Page 5\">\n<div class=\"section\">\n<div class=\"layoutArea\">\n<div class=\"column\">\n<div class=\"page\" title=\"Page 18\">\n<div class=\"section\">\n<div class=\"layoutArea\">\n<div class=\"page\" title=\"Page 20\">\n<div class=\"section\">\n<div class=\"layoutArea\">\n<div class=\"column\">\n<h2 style=\"text-align: center;\"><span style=\"color: #808080;\">Fundaci\u00f3n CIE es responsable del programa social de F1 Gran Premio de M\u00e9xicoTM, evento deportivo posicionado como uno de los mayores atractivos tur\u00edsticos de la Ciudad de M\u00e9xico.<\/span><\/h2>\n<div class=\"page\" title=\"Page 20\">\n<div class=\"section\">\n<div class=\"layoutArea\">\n<div class=\"column\">\n<h3 style=\"text-align: center;\"><span style=\"color: #333333;\">Hemos logrado la participaci\u00f3n de 5 coros y 1 banda de m\u00fasica que interpretaron el Himno Nacional Mexicano para la Ceremonia de Apertura. As\u00ed, se ha logrado difundir el patrimonio cultural ind\u00edgena mexicano.<\/span><\/h3>\n<\/div>\n<p>&nbsp;<\/p>\n<h2 style=\"text-align: center;\"><span style=\"color: #808080;\">Coro Centro Escolar Juchit\u00e1n (Oaxaca)\u00a0<\/span><\/h2>\n<h1 style=\"text-align: center;\">15<\/h1>\n<h2 style=\"text-align: center;\"><span style=\"color: #808080;\">Ni\u00f1as<\/span><\/h2>\n<div class=\"column\">\n<p>&nbsp;<\/p>\n<\/div>\n<\/div>\n<\/div>\n<\/div>\n<p>&nbsp;<\/p>\n<\/div>\n<\/div>\n<\/div>\n<\/div>\n<\/div>\n<\/div>\n<\/div>\n<\/div>\n<\/div>\n<\/div>\n<\/div>\n<p>[\/vc_column_text][\/vc_column][\/vc_row][vc_row css_animation=&#8221;fadeInDown&#8221;][vc_column width=&#8221;1\/3&#8243;][vc_single_image image=&#8221;1577&#8243; img_size=&#8221;full&#8221; alignment=&#8221;center&#8221; onclick=&#8221;link_image&#8221; css_animation=&#8221;none&#8221;][\/vc_column][vc_column width=&#8221;1\/3&#8243;][vc_single_image image=&#8221;1578&#8243; img_size=&#8221;full&#8221; alignment=&#8221;center&#8221; onclick=&#8221;link_image&#8221;][\/vc_column][vc_column width=&#8221;1\/3&#8243;][vc_single_image image=&#8221;1579&#8243; img_size=&#8221;full&#8221; alignment=&#8221;center&#8221; onclick=&#8221;link_image&#8221;][\/vc_column][\/vc_row][vc_row][vc_column width=&#8221;1\/3&#8243;][vc_single_image image=&#8221;1580&#8243; img_size=&#8221;full&#8221; alignment=&#8221;center&#8221; onclick=&#8221;link_image&#8221;][vc_column_text]<\/p>\n<div class=\"page\" title=\"Page 21\">\n<div class=\"section\">\n<div class=\"layoutArea\">\n<div class=\"column\">\n<h4 style=\"text-align: center;\">El d\u00eda de la carrera se otorg\u00f3 un donativo por $100,000.00 pesos para su escuela y la implementaci\u00f3n de una ludoteca, en beneficio de 800 alumnos del plantel.<\/h4>\n<\/div>\n<\/div>\n<\/div>\n<\/div>\n<p>[\/vc_column_text][\/vc_column][vc_column width=&#8221;1\/3&#8243;][vc_single_image image=&#8221;1581&#8243; img_size=&#8221;full&#8221; onclick=&#8221;link_image&#8221;][vc_column_text]<\/p>\n<div class=\"page\" title=\"Page 21\">\n<div class=\"section\">\n<div class=\"layoutArea\">\n<div class=\"column\">\n<h4 style=\"text-align: center;\">Como reconocimiento, a cada participante se le regal\u00f3 una tablet, con valor de $3,500.00 cada una.<\/h4>\n<\/div>\n<\/div>\n<\/div>\n<\/div>\n<p>[\/vc_column_text][\/vc_column][vc_column width=&#8221;1\/3&#8243;][vc_single_image image=&#8221;1584&#8243; img_size=&#8221;full&#8221; onclick=&#8221;link_image&#8221;][vc_column_text]<\/p>\n<div class=\"page\" title=\"Page 21\">\n<div class=\"section\">\n<div class=\"layoutArea\">\n<div class=\"column\">\n<h4 style=\"text-align: center;\">Instalaci\u00f3n de ludoteca en Centro Escolar Juchit\u00e1n, la cual beneficiar\u00e1 a 800 ni\u00f1as y ni\u00f1os.<\/h4>\n<\/div>\n<\/div>\n<\/div>\n<\/div>\n<p>[\/vc_column_text][\/vc_column][\/vc_row]<\/p>\n<\/section>","protected":false},"excerpt":{"rendered":"<p>[vc_row][vc_column css_animation=&#8221;fadeInDown&#8221;][rev_slider alias=&#8221;formula&#8221;][vc_empty_space][\/vc_column][\/vc_row][vc_row][vc_column][vc_column_text] Fundaci\u00f3n CIE es responsable del programa social de F1 Gran Premio de M\u00e9xicoTM, evento deportivo posicionado como uno de los mayores atractivos tur\u00edsticos de la Ciudad de M\u00e9xico. Hemos logrado la participaci\u00f3n de 5 coros y 1 banda de m\u00fasica que interpretaron el Himno Nacional Mexicano para la Ceremonia de Apertura. As\u00ed,&hellip; <br \/> <a class=\"read-more\" href=\"https:\/\/fundacioncie.org.mx\/InformeAnual19\/formula-1\/\">Read more<\/a><\/p>\n","protected":false},"author":1,"featured_media":0,"parent":0,"menu_order":0,"comment_status":"closed","ping_status":"closed","template":"","meta":{"_bbp_topic_count":0,"_bbp_reply_count":0,"_bbp_total_topic_count":0,"_bbp_total_reply_count":0,"_bbp_voice_count":0,"_bbp_anonymous_reply_count":0,"_bbp_topic_count_hidden":0,"_bbp_reply_count_hidden":0,"_bbp_forum_subforum_count":0},"yoast_head":"<!-- This site is optimized with the Yoast SEO plugin v20.5 - https:\/\/yoast.com\/wordpress\/plugins\/seo\/ -->\n<title>F\u00f3rmula 1 Gran Pemio de M\u00e9xico\u2122 - Informe Anual 2019<\/title>\n<meta name=\"robots\" content=\"index, follow, max-snippet:-1, max-image-preview:large, max-video-preview:-1\" \/>\n<link rel=\"canonical\" href=\"https:\/\/fundacioncie.org.mx\/InformeAnual19\/formula-1\/\" class=\"yoast-seo-meta-tag\" \/>\n<meta property=\"og:locale\" content=\"en_US\" class=\"yoast-seo-meta-tag\" \/>\n<meta property=\"og:type\" content=\"article\" class=\"yoast-seo-meta-tag\" \/>\n<meta property=\"og:title\" content=\"F\u00f3rmula 1 Gran Pemio de M\u00e9xico\u2122 - Informe Anual 2019\" class=\"yoast-seo-meta-tag\" \/>\n<meta property=\"og:description\" content=\"[vc_row][vc_column css_animation=&#8221;fadeInDown&#8221;][rev_slider alias=&#8221;formula&#8221;][vc_empty_space][\/vc_column][\/vc_row][vc_row][vc_column][vc_column_text] Fundaci\u00f3n CIE es responsable del programa social de F1 Gran Premio de M\u00e9xicoTM, evento deportivo posicionado como uno de los mayores atractivos tur\u00edsticos de la Ciudad de M\u00e9xico. Hemos logrado la participaci\u00f3n de 5 coros y 1 banda de m\u00fasica que interpretaron el Himno Nacional Mexicano para la Ceremonia de Apertura. As\u00ed,&hellip; Read more\" class=\"yoast-seo-meta-tag\" \/>\n<meta property=\"og:url\" content=\"https:\/\/fundacioncie.org.mx\/InformeAnual19\/formula-1\/\" class=\"yoast-seo-meta-tag\" \/>\n<meta property=\"og:site_name\" content=\"Informe Anual 2019\" class=\"yoast-seo-meta-tag\" \/>\n<meta property=\"article:modified_time\" content=\"2020-02-19T18:24:57+00:00\" class=\"yoast-seo-meta-tag\" \/>\n<meta name=\"twitter:card\" content=\"summary_large_image\" class=\"yoast-seo-meta-tag\" \/>\n<meta name=\"twitter:label1\" content=\"Est. reading time\" class=\"yoast-seo-meta-tag\" \/>\n\t<meta name=\"twitter:data1\" content=\"2 minutes\" class=\"yoast-seo-meta-tag\" \/>\n<script type=\"application\/ld+json\" class=\"yoast-schema-graph\">{\"@context\":\"https:\/\/schema.org\",\"@graph\":[{\"@type\":\"WebPage\",\"@id\":\"https:\/\/fundacioncie.org.mx\/InformeAnual19\/formula-1\/\",\"url\":\"https:\/\/fundacioncie.org.mx\/InformeAnual19\/formula-1\/\",\"name\":\"F\u00f3rmula 1 Gran Pemio de M\u00e9xico\u2122 - Informe Anual 2019\",\"isPartOf\":{\"@id\":\"https:\/\/fundacioncie.org.mx\/InformeAnual19\/#website\"},\"datePublished\":\"2020-02-06T16:07:02+00:00\",\"dateModified\":\"2020-02-19T18:24:57+00:00\",\"breadcrumb\":{\"@id\":\"https:\/\/fundacioncie.org.mx\/InformeAnual19\/formula-1\/#breadcrumb\"},\"inLanguage\":\"en-US\",\"potentialAction\":[{\"@type\":\"ReadAction\",\"target\":[\"https:\/\/fundacioncie.org.mx\/InformeAnual19\/formula-1\/\"]}]},{\"@type\":\"BreadcrumbList\",\"@id\":\"https:\/\/fundacioncie.org.mx\/InformeAnual19\/formula-1\/#breadcrumb\",\"itemListElement\":[{\"@type\":\"ListItem\",\"position\":1,\"name\":\"Home\",\"item\":\"https:\/\/fundacioncie.org.mx\/InformeAnual19\/\"},{\"@type\":\"ListItem\",\"position\":2,\"name\":\"F\u00f3rmula 1 Gran Pemio de M\u00e9xico\u2122\"}]},{\"@type\":\"WebSite\",\"@id\":\"https:\/\/fundacioncie.org.mx\/InformeAnual19\/#website\",\"url\":\"https:\/\/fundacioncie.org.mx\/InformeAnual19\/\",\"name\":\"Informe Anual 2019\",\"description\":\"\",\"publisher\":{\"@id\":\"https:\/\/fundacioncie.org.mx\/InformeAnual19\/#organization\"},\"potentialAction\":[{\"@type\":\"SearchAction\",\"target\":{\"@type\":\"EntryPoint\",\"urlTemplate\":\"https:\/\/fundacioncie.org.mx\/InformeAnual19\/?s={search_term_string}\"},\"query-input\":\"required name=search_term_string\"}],\"inLanguage\":\"en-US\"},{\"@type\":\"Organization\",\"@id\":\"https:\/\/fundacioncie.org.mx\/InformeAnual19\/#organization\",\"name\":\"Informe Anual 2019\",\"url\":\"https:\/\/fundacioncie.org.mx\/InformeAnual19\/\",\"logo\":{\"@type\":\"ImageObject\",\"inLanguage\":\"en-US\",\"@id\":\"https:\/\/fundacioncie.org.mx\/InformeAnual19\/#\/schema\/logo\/image\/\",\"url\":\"https:\/\/fundacioncie.org.mx\/InformeAnual19\/wp-content\/uploads\/2020\/02\/logo-informe-ok1.png\",\"contentUrl\":\"https:\/\/fundacioncie.org.mx\/InformeAnual19\/wp-content\/uploads\/2020\/02\/logo-informe-ok1.png\",\"width\":140,\"height\":70,\"caption\":\"Informe Anual 2019\"},\"image\":{\"@id\":\"https:\/\/fundacioncie.org.mx\/InformeAnual19\/#\/schema\/logo\/image\/\"}}]}<\/script>\n<!-- \/ Yoast SEO plugin. -->","yoast_head_json":{"title":"F\u00f3rmula 1 Gran Pemio de M\u00e9xico\u2122 - Informe Anual 2019","robots":{"index":"index","follow":"follow","max-snippet":"max-snippet:-1","max-image-preview":"max-image-preview:large","max-video-preview":"max-video-preview:-1"},"canonical":"https:\/\/fundacioncie.org.mx\/InformeAnual19\/formula-1\/","og_locale":"en_US","og_type":"article","og_title":"F\u00f3rmula 1 Gran Pemio de M\u00e9xico\u2122 - Informe Anual 2019","og_description":"[vc_row][vc_column css_animation=&#8221;fadeInDown&#8221;][rev_slider alias=&#8221;formula&#8221;][vc_empty_space][\/vc_column][\/vc_row][vc_row][vc_column][vc_column_text] Fundaci\u00f3n CIE es responsable del programa social de F1 Gran Premio de M\u00e9xicoTM, evento deportivo posicionado como uno de los mayores atractivos tur\u00edsticos de la Ciudad de M\u00e9xico. Hemos logrado la participaci\u00f3n de 5 coros y 1 banda de m\u00fasica que interpretaron el Himno Nacional Mexicano para la Ceremonia de Apertura. As\u00ed,&hellip; Read more","og_url":"https:\/\/fundacioncie.org.mx\/InformeAnual19\/formula-1\/","og_site_name":"Informe Anual 2019","article_modified_time":"2020-02-19T18:24:57+00:00","twitter_card":"summary_large_image","twitter_misc":{"Est. reading time":"2 minutes"},"schema":{"@context":"https:\/\/schema.org","@graph":[{"@type":"WebPage","@id":"https:\/\/fundacioncie.org.mx\/InformeAnual19\/formula-1\/","url":"https:\/\/fundacioncie.org.mx\/InformeAnual19\/formula-1\/","name":"F\u00f3rmula 1 Gran Pemio de M\u00e9xico\u2122 - Informe Anual 2019","isPartOf":{"@id":"https:\/\/fundacioncie.org.mx\/InformeAnual19\/#website"},"datePublished":"2020-02-06T16:07:02+00:00","dateModified":"2020-02-19T18:24:57+00:00","breadcrumb":{"@id":"https:\/\/fundacioncie.org.mx\/InformeAnual19\/formula-1\/#breadcrumb"},"inLanguage":"en-US","potentialAction":[{"@type":"ReadAction","target":["https:\/\/fundacioncie.org.mx\/InformeAnual19\/formula-1\/"]}]},{"@type":"BreadcrumbList","@id":"https:\/\/fundacioncie.org.mx\/InformeAnual19\/formula-1\/#breadcrumb","itemListElement":[{"@type":"ListItem","position":1,"name":"Home","item":"https:\/\/fundacioncie.org.mx\/InformeAnual19\/"},{"@type":"ListItem","position":2,"name":"F\u00f3rmula 1 Gran Pemio de M\u00e9xico\u2122"}]},{"@type":"WebSite","@id":"https:\/\/fundacioncie.org.mx\/InformeAnual19\/#website","url":"https:\/\/fundacioncie.org.mx\/InformeAnual19\/","name":"Informe Anual 2019","description":"","publisher":{"@id":"https:\/\/fundacioncie.org.mx\/InformeAnual19\/#organization"},"potentialAction":[{"@type":"SearchAction","target":{"@type":"EntryPoint","urlTemplate":"https:\/\/fundacioncie.org.mx\/InformeAnual19\/?s={search_term_string}"},"query-input":"required name=search_term_string"}],"inLanguage":"en-US"},{"@type":"Organization","@id":"https:\/\/fundacioncie.org.mx\/InformeAnual19\/#organization","name":"Informe Anual 2019","url":"https:\/\/fundacioncie.org.mx\/InformeAnual19\/","logo":{"@type":"ImageObject","inLanguage":"en-US","@id":"https:\/\/fundacioncie.org.mx\/InformeAnual19\/#\/schema\/logo\/image\/","url":"https:\/\/fundacioncie.org.mx\/InformeAnual19\/wp-content\/uploads\/2020\/02\/logo-informe-ok1.png","contentUrl":"https:\/\/fundacioncie.org.mx\/InformeAnual19\/wp-content\/uploads\/2020\/02\/logo-informe-ok1.png","width":140,"height":70,"caption":"Informe Anual 2019"},"image":{"@id":"https:\/\/fundacioncie.org.mx\/InformeAnual19\/#\/schema\/logo\/image\/"}}]}},"_links":{"self":[{"href":"https:\/\/fundacioncie.org.mx\/InformeAnual19\/wp-json\/wp\/v2\/pages\/1573"}],"collection":[{"href":"https:\/\/fundacioncie.org.mx\/InformeAnual19\/wp-json\/wp\/v2\/pages"}],"about":[{"href":"https:\/\/fundacioncie.org.mx\/InformeAnual19\/wp-json\/wp\/v2\/types\/page"}],"author":[{"embeddable":true,"href":"https:\/\/fundacioncie.org.mx\/InformeAnual19\/wp-json\/wp\/v2\/users\/1"}],"replies":[{"embeddable":true,"href":"https:\/\/fundacioncie.org.mx\/InformeAnual19\/wp-json\/wp\/v2\/comments?post=1573"}],"version-history":[{"count":4,"href":"https:\/\/fundacioncie.org.mx\/InformeAnual19\/wp-json\/wp\/v2\/pages\/1573\/revisions"}],"predecessor-version":[{"id":1857,"href":"https:\/\/fundacioncie.org.mx\/InformeAnual19\/wp-json\/wp\/v2\/pages\/1573\/revisions\/1857"}],"wp:attachment":[{"href":"https:\/\/fundacioncie.org.mx\/InformeAnual19\/wp-json\/wp\/v2\/media?parent=1573"}],"curies":[{"name":"wp","href":"https:\/\/api.w.org\/{rel}","templated":true}]}}