{"id":1586,"date":"2020-02-06T16:52:01","date_gmt":"2020-02-06T16:52:01","guid":{"rendered":"https:\/\/fundacioncie.org.mx\/InformeAnual19\/?page_id=1586"},"modified":"2020-02-25T18:15:50","modified_gmt":"2020-02-25T18:15:50","slug":"medio-ambiente","status":"publish","type":"page","link":"https:\/\/fundacioncie.org.mx\/InformeAnual19\/medio-ambiente\/","title":{"rendered":"Medio Ambiente"},"content":{"rendered":"<section class=\"wpb-content-wrapper\"><p>[vc_row][vc_column css_animation=&#8221;fadeInDown&#8221;][rev_slider alias=&#8221;medio&#8221;][vc_empty_space][\/vc_column][\/vc_row][vc_row][vc_column][vc_column_text]<\/p>\n<div class=\"page\" title=\"Page 5\">\n<div class=\"section\">\n<div class=\"layoutArea\">\n<div class=\"column\">\n<div class=\"page\" title=\"Page 18\">\n<div class=\"section\">\n<div class=\"layoutArea\">\n<div class=\"page\" title=\"Page 20\">\n<div class=\"section\">\n<div class=\"layoutArea\">\n<div class=\"column\">\n<div class=\"page\" title=\"Page 22\">\n<div class=\"section\">\n<div class=\"layoutArea\">\n<div class=\"column\">\n<h2 style=\"text-align: center;\"><span style=\"color: #808080;\">Con el prop\u00f3sito de hacer efectiva su contribuci\u00f3n a la preservaci\u00f3n y conservaci\u00f3n al entorno ecol\u00f3gico, Fundaci\u00f3n CIE se ha sumado a estrategias compartidas con diversas instituciones por medio de actividades de reforestaci\u00f3n y educaci\u00f3n ambiental.<\/span><\/h2>\n<\/div>\n<\/div>\n<\/div>\n<\/div>\n<\/div>\n<\/div>\n<\/div>\n<\/div>\n<\/div>\n<\/div>\n<\/div>\n<\/div>\n<\/div>\n<\/div>\n<\/div>\n<p>[\/vc_column_text][\/vc_column][\/vc_row][vc_row full_width=&#8221;stretch_row_content&#8221; css=&#8221;.vc_custom_1581008455069{background-image: url(https:\/\/fundacioncie.org.mx\/InformeAnual19\/wp-content\/uploads\/2020\/02\/contador-ambiente.jpg?id=1593) !important;}&#8221;][vc_column][vc_column_text]<style>\r\n\r\n#wpsm_counter_b_row_1590 .wpsm_counterbox\r\n{\r\n\ttext-align:center;\r\n\tmargin-top:50px;\r\n\tmargin-bottom:50px;\r\n}\r\n#wpsm_counter_b_row_1590 .wpsm_counterbox .wpsm_count-icon{\r\n\tdisplay:block;\r\n\tmargin-top:20px;\r\n\tpadding-top:0px;\r\n\tpadding-bottom:0px;\r\n\tmargin-bottom:0px;\r\n\tmargin:0 auto;\r\n}\r\n#wpsm_counter_b_row_1590 .wpsm_counterbox .wpsm_count-icon i{\r\n\tfont-size:40px;\r\n\tcolor:#c41f41;\r\n}\r\n#wpsm_counter_b_row_1590 .wpsm_counterbox .wpsm_number{\r\n\tfont-size:100px;\r\n\tfont-weight:500;\r\n\tcolor:#ffffff;\r\n\tfont-family:'Open Sans';\r\n\tletter-spacing:2px;\r\n\tmargin-top:20px;\r\n\tline-height: 1.3em;\r\n\tpadding-top:0px;\r\n\tpadding-bottom:0px;\r\n\tmargin-bottom:0px;\r\n}\r\n#wpsm_counter_b_row_1590 .wpsm_counterbox .wpsm_count-title{\r\n    font-size:25px;\r\n\tfont-weight:bolder;\r\n\tfont-family:'Open Sans';\r\n\tletter-spacing:2px;\r\n    color: #ffffff;\r\n\tfont-weight:500;\r\n\tmargin-top:20px;\r\n\tpadding-top:0px;\r\n\tpadding-bottom:0px;\r\n\tmargin-bottom:0px;\r\n\tline-height: 1.3em;\r\n}\r\n\r\n<\/style> \r\n\t\t \r\n\t\t\r\n\t\t<style>\r\n\t\t#wpsm_counter_b_row_1590\t\t\t{\r\n\t\t\t\t\r\n\t\t\t\tposition:relative;\r\n\t\t\t\twidth:100%;\r\n\t\t\t\toverflow:hidden;\r\n\t\t\t\ttext-align:center;\r\n\t\t\t}\r\n\t\t\t \r\n\t\t\t#wpsm_counter_b_row_1590 .wpsm_row{\r\n\t\t\toverflow:hidden;\r\n\t\t\tdisplay:block;\r\n\t\t\twidth:100%;\r\n\t\t\t} \r\n\t\t\t \r\n\t\t\t#wpsm_counter_b_row_1590 .wpsm_row{\r\n\t\t\toverflow:visible;\r\n\t\t\t} \r\n\t\t\t \r\n\t\t\t#wpsm_counter_b_row_1590 .wpsm_counterbox .wpsm_count-title{\r\n\t\t\tmin-height:56px;\r\n\t\t\t}}\r\n\t\t\t \r\n\t\t<\/style>\r\n\t\t\r\n\t\t<div class=\"wpsm_counter_b_row\" id=\"wpsm_counter_b_row_1590\">\r\n\t\t\t<div>\r\n\t\t\t\t<div class=\"wpsm_row\">\r\n\t\t\r\n\t\t\t\t\t\t<div class=\"wpsm_col-md-6 wpsm_col-sm-6\">\r\n\t\t\t\t\t<div class=\"wpsm_counterbox\">\r\n\t\t\t\t\t\t \r\n\t\t\t\t\t\t<div class=\"wpsm_count-icon\"><i #c41f41 class=\"fa fa-leaf\"><\/i><\/div>\r\n\t\t\t\t\t\t\t\t\t\t\t\t<div class=\"wpsm_number\" style=\"#ffffff\" >\r\n\t\t\t\t\t\t   <span class=\"counter\">2\t\t\t\t\t\t   <\/span>\r\n\t\t\t\t\t\t    \r\n\t\t\t\t\t    <\/div>\r\n\t\t\t\t\t\t<h3 class=\"wpsm_count-title\" #ffffff> Eventos<\/h3>\r\n\t\t\t\t\t\t \r\n\t\t\t\t\t<\/div>\r\n\t\t\t\t<\/div>\r\n\t\t\t\t\t\t\t\t\t<div class=\"wpsm_col-md-6 wpsm_col-sm-6\">\r\n\t\t\t\t\t<div class=\"wpsm_counterbox\">\r\n\t\t\t\t\t\t \r\n\t\t\t\t\t\t<div class=\"wpsm_count-icon\"><i #c41f41 class=\"fa fa-group\"><\/i><\/div>\r\n\t\t\t\t\t\t\t\t\t\t\t\t<div class=\"wpsm_number\" style=\"#ffffff\" >\r\n\t\t\t\t\t\t   <span class=\"counter\">101\t\t\t\t\t\t   <\/span>\r\n\t\t\t\t\t\t    \r\n\t\t\t\t\t    <\/div>\r\n\t\t\t\t\t\t<h3 class=\"wpsm_count-title\" #ffffff> Invitados<\/h3>\r\n\t\t\t\t\t\t \r\n\t\t\t\t\t<\/div>\r\n\t\t\t\t<\/div>\r\n\t\t\t\t\t\t<\/div>\r\n\t\t\t<div class=\"wpsm_row\">\r\n\t\t\t\t\t\t\r\n\t\t\t<\/div>\t\t\t\t<\/div>\r\n\t\t<\/div>\r\n\t\t\r\n\t[\/vc_column_text][\/vc_column][\/vc_row][vc_row css_animation=&#8221;fadeInDown&#8221;][vc_column width=&#8221;1\/2&#8243;][vc_single_image image=&#8221;1596&#8243; img_size=&#8221;full&#8221; alignment=&#8221;center&#8221; onclick=&#8221;link_image&#8221;][vc_column_text]<\/p>\n<div class=\"page\" title=\"Page 23\">\n<div class=\"section\">\n<div class=\"layoutArea\">\n<div class=\"column\">\n<h4>Reforestaci\u00f3n en Laguna de Salazar, en Lerma, Edo. Mex. 80 voluntarios de Grupo CIE y Fundaci\u00f3n Mosaico Down, I.A.P..<\/h4>\n<h1 style=\"text-align: center;\">500<\/h1>\n<h4 style=\"text-align: center;\">\u00c1rboles Plantados<\/h4>\n<\/div>\n<\/div>\n<\/div>\n<\/div>\n<p>[\/vc_column_text][\/vc_column][vc_column width=&#8221;1\/2&#8243;][vc_single_image image=&#8221;1595&#8243; img_size=&#8221;full&#8221; alignment=&#8221;center&#8221; onclick=&#8221;link_image&#8221;][vc_column_text]<\/p>\n<div class=\"page\" title=\"Page 23\">\n<div class=\"section\">\n<div class=\"layoutArea\">\n<div class=\"column\">\n<h4>&#8220;Plogging&#8221; de 3 km. en La Cima y La Ca\u00f1ada, Huixquilucan, Edo. Mex. Con 21 voluntarios HSBC.<\/h4>\n<h1 style=\"text-align: center;\">125<\/h1>\n<h4 style=\"text-align: center;\">Costales de basura<\/h4>\n<\/div>\n<\/div>\n<\/div>\n<\/div>\n<p>[\/vc_column_text][\/vc_column][\/vc_row]<\/p>\n<\/section>","protected":false},"excerpt":{"rendered":"<p>[vc_row][vc_column css_animation=&#8221;fadeInDown&#8221;][rev_slider alias=&#8221;medio&#8221;][vc_empty_space][\/vc_column][\/vc_row][vc_row][vc_column][vc_column_text] Con el prop\u00f3sito de hacer efectiva su contribuci\u00f3n a la preservaci\u00f3n y conservaci\u00f3n al entorno ecol\u00f3gico, Fundaci\u00f3n CIE se ha sumado a estrategias compartidas con diversas instituciones por medio de actividades de reforestaci\u00f3n y educaci\u00f3n ambiental. [\/vc_column_text][\/vc_column][\/vc_row][vc_row full_width=&#8221;stretch_row_content&#8221; css=&#8221;.vc_custom_1581008455069{background-image: url(https:\/\/fundacioncie.org.mx\/InformeAnual19\/wp-content\/uploads\/2020\/02\/contador-ambiente.jpg?id=1593) !important;}&#8221;][vc_column][vc_column_text][\/vc_column_text][\/vc_column][\/vc_row][vc_row css_animation=&#8221;fadeInDown&#8221;][vc_column width=&#8221;1\/2&#8243;][vc_single_image image=&#8221;1596&#8243; img_size=&#8221;full&#8221; alignment=&#8221;center&#8221; onclick=&#8221;link_image&#8221;][vc_column_text] Reforestaci\u00f3n en Laguna de Salazar,&hellip; <br \/> <a class=\"read-more\" href=\"https:\/\/fundacioncie.org.mx\/InformeAnual19\/?p=1590\">Read more<\/a><\/p>\n","protected":false},"author":1,"featured_media":0,"parent":0,"menu_order":0,"comment_status":"closed","ping_status":"closed","template":"","meta":{"_bbp_topic_count":0,"_bbp_reply_count":0,"_bbp_total_topic_count":0,"_bbp_total_reply_count":0,"_bbp_voice_count":0,"_bbp_anonymous_reply_count":0,"_bbp_topic_count_hidden":0,"_bbp_reply_count_hidden":0,"_bbp_forum_subforum_count":0},"yoast_head":"<!-- This site is optimized with the Yoast SEO plugin v20.5 - https:\/\/yoast.com\/wordpress\/plugins\/seo\/ -->\n<title>Medio Ambiente - Informe Anual 2019<\/title>\n<meta name=\"robots\" content=\"index, follow, max-snippet:-1, max-image-preview:large, max-video-preview:-1\" \/>\n<link rel=\"canonical\" href=\"https:\/\/fundacioncie.org.mx\/InformeAnual19\/medio-ambiente\/\" class=\"yoast-seo-meta-tag\" \/>\n<meta property=\"og:locale\" content=\"en_US\" class=\"yoast-seo-meta-tag\" \/>\n<meta property=\"og:type\" content=\"article\" class=\"yoast-seo-meta-tag\" \/>\n<meta property=\"og:title\" content=\"Medio Ambiente - Informe Anual 2019\" class=\"yoast-seo-meta-tag\" \/>\n<meta property=\"og:description\" content=\"[vc_row][vc_column css_animation=&#8221;fadeInDown&#8221;][rev_slider alias=&#8221;medio&#8221;][vc_empty_space][\/vc_column][\/vc_row][vc_row][vc_column][vc_column_text] Con el prop\u00f3sito de hacer efectiva su contribuci\u00f3n a la preservaci\u00f3n y conservaci\u00f3n al entorno ecol\u00f3gico, Fundaci\u00f3n CIE se ha sumado a estrategias compartidas con diversas instituciones por medio de actividades de reforestaci\u00f3n y educaci\u00f3n ambiental. [\/vc_column_text][\/vc_column][\/vc_row][vc_row full_width=&#8221;stretch_row_content&#8221; css=&#8221;.vc_custom_1581008455069{background-image: url(https:\/\/fundacioncie.org.mx\/InformeAnual19\/wp-content\/uploads\/2020\/02\/contador-ambiente.jpg?id=1593) !important;}&#8221;][vc_column][vc_column_text][\/vc_column_text][\/vc_column][\/vc_row][vc_row css_animation=&#8221;fadeInDown&#8221;][vc_column width=&#8221;1\/2&#8243;][vc_single_image image=&#8221;1596&#8243; img_size=&#8221;full&#8221; alignment=&#8221;center&#8221; onclick=&#8221;link_image&#8221;][vc_column_text] Reforestaci\u00f3n en Laguna de Salazar,&hellip; Read more\" class=\"yoast-seo-meta-tag\" \/>\n<meta property=\"og:url\" content=\"https:\/\/fundacioncie.org.mx\/InformeAnual19\/medio-ambiente\/\" class=\"yoast-seo-meta-tag\" \/>\n<meta property=\"og:site_name\" content=\"Informe Anual 2019\" class=\"yoast-seo-meta-tag\" \/>\n<meta property=\"article:modified_time\" content=\"2020-02-25T18:15:50+00:00\" class=\"yoast-seo-meta-tag\" \/>\n<meta name=\"twitter:card\" content=\"summary_large_image\" class=\"yoast-seo-meta-tag\" \/>\n<meta name=\"twitter:label1\" content=\"Est. reading time\" class=\"yoast-seo-meta-tag\" \/>\n\t<meta name=\"twitter:data1\" content=\"1 minute\" class=\"yoast-seo-meta-tag\" \/>\n<script type=\"application\/ld+json\" class=\"yoast-schema-graph\">{\"@context\":\"https:\/\/schema.org\",\"@graph\":[{\"@type\":\"WebPage\",\"@id\":\"https:\/\/fundacioncie.org.mx\/InformeAnual19\/medio-ambiente\/\",\"url\":\"https:\/\/fundacioncie.org.mx\/InformeAnual19\/medio-ambiente\/\",\"name\":\"Medio Ambiente - Informe Anual 2019\",\"isPartOf\":{\"@id\":\"https:\/\/fundacioncie.org.mx\/InformeAnual19\/#website\"},\"datePublished\":\"2020-02-06T16:52:01+00:00\",\"dateModified\":\"2020-02-25T18:15:50+00:00\",\"breadcrumb\":{\"@id\":\"https:\/\/fundacioncie.org.mx\/InformeAnual19\/medio-ambiente\/#breadcrumb\"},\"inLanguage\":\"en-US\",\"potentialAction\":[{\"@type\":\"ReadAction\",\"target\":[\"https:\/\/fundacioncie.org.mx\/InformeAnual19\/medio-ambiente\/\"]}]},{\"@type\":\"BreadcrumbList\",\"@id\":\"https:\/\/fundacioncie.org.mx\/InformeAnual19\/medio-ambiente\/#breadcrumb\",\"itemListElement\":[{\"@type\":\"ListItem\",\"position\":1,\"name\":\"Home\",\"item\":\"https:\/\/fundacioncie.org.mx\/InformeAnual19\/\"},{\"@type\":\"ListItem\",\"position\":2,\"name\":\"Medio Ambiente\"}]},{\"@type\":\"WebSite\",\"@id\":\"https:\/\/fundacioncie.org.mx\/InformeAnual19\/#website\",\"url\":\"https:\/\/fundacioncie.org.mx\/InformeAnual19\/\",\"name\":\"Informe Anual 2019\",\"description\":\"\",\"publisher\":{\"@id\":\"https:\/\/fundacioncie.org.mx\/InformeAnual19\/#organization\"},\"potentialAction\":[{\"@type\":\"SearchAction\",\"target\":{\"@type\":\"EntryPoint\",\"urlTemplate\":\"https:\/\/fundacioncie.org.mx\/InformeAnual19\/?s={search_term_string}\"},\"query-input\":\"required name=search_term_string\"}],\"inLanguage\":\"en-US\"},{\"@type\":\"Organization\",\"@id\":\"https:\/\/fundacioncie.org.mx\/InformeAnual19\/#organization\",\"name\":\"Informe Anual 2019\",\"url\":\"https:\/\/fundacioncie.org.mx\/InformeAnual19\/\",\"logo\":{\"@type\":\"ImageObject\",\"inLanguage\":\"en-US\",\"@id\":\"https:\/\/fundacioncie.org.mx\/InformeAnual19\/#\/schema\/logo\/image\/\",\"url\":\"https:\/\/fundacioncie.org.mx\/InformeAnual19\/wp-content\/uploads\/2020\/02\/logo-informe-ok1.png\",\"contentUrl\":\"https:\/\/fundacioncie.org.mx\/InformeAnual19\/wp-content\/uploads\/2020\/02\/logo-informe-ok1.png\",\"width\":140,\"height\":70,\"caption\":\"Informe Anual 2019\"},\"image\":{\"@id\":\"https:\/\/fundacioncie.org.mx\/InformeAnual19\/#\/schema\/logo\/image\/\"}}]}<\/script>\n<!-- \/ Yoast SEO plugin. -->","yoast_head_json":{"title":"Medio Ambiente - Informe Anual 2019","robots":{"index":"index","follow":"follow","max-snippet":"max-snippet:-1","max-image-preview":"max-image-preview:large","max-video-preview":"max-video-preview:-1"},"canonical":"https:\/\/fundacioncie.org.mx\/InformeAnual19\/medio-ambiente\/","og_locale":"en_US","og_type":"article","og_title":"Medio Ambiente - Informe Anual 2019","og_description":"[vc_row][vc_column css_animation=&#8221;fadeInDown&#8221;][rev_slider alias=&#8221;medio&#8221;][vc_empty_space][\/vc_column][\/vc_row][vc_row][vc_column][vc_column_text] Con el prop\u00f3sito de hacer efectiva su contribuci\u00f3n a la preservaci\u00f3n y conservaci\u00f3n al entorno ecol\u00f3gico, Fundaci\u00f3n CIE se ha sumado a estrategias compartidas con diversas instituciones por medio de actividades de reforestaci\u00f3n y educaci\u00f3n ambiental. [\/vc_column_text][\/vc_column][\/vc_row][vc_row full_width=&#8221;stretch_row_content&#8221; css=&#8221;.vc_custom_1581008455069{background-image: url(https:\/\/fundacioncie.org.mx\/InformeAnual19\/wp-content\/uploads\/2020\/02\/contador-ambiente.jpg?id=1593) !important;}&#8221;][vc_column][vc_column_text][\/vc_column_text][\/vc_column][\/vc_row][vc_row css_animation=&#8221;fadeInDown&#8221;][vc_column width=&#8221;1\/2&#8243;][vc_single_image image=&#8221;1596&#8243; img_size=&#8221;full&#8221; alignment=&#8221;center&#8221; onclick=&#8221;link_image&#8221;][vc_column_text] Reforestaci\u00f3n en Laguna de Salazar,&hellip; Read more","og_url":"https:\/\/fundacioncie.org.mx\/InformeAnual19\/medio-ambiente\/","og_site_name":"Informe Anual 2019","article_modified_time":"2020-02-25T18:15:50+00:00","twitter_card":"summary_large_image","twitter_misc":{"Est. reading time":"1 minute"},"schema":{"@context":"https:\/\/schema.org","@graph":[{"@type":"WebPage","@id":"https:\/\/fundacioncie.org.mx\/InformeAnual19\/medio-ambiente\/","url":"https:\/\/fundacioncie.org.mx\/InformeAnual19\/medio-ambiente\/","name":"Medio Ambiente - Informe Anual 2019","isPartOf":{"@id":"https:\/\/fundacioncie.org.mx\/InformeAnual19\/#website"},"datePublished":"2020-02-06T16:52:01+00:00","dateModified":"2020-02-25T18:15:50+00:00","breadcrumb":{"@id":"https:\/\/fundacioncie.org.mx\/InformeAnual19\/medio-ambiente\/#breadcrumb"},"inLanguage":"en-US","potentialAction":[{"@type":"ReadAction","target":["https:\/\/fundacioncie.org.mx\/InformeAnual19\/medio-ambiente\/"]}]},{"@type":"BreadcrumbList","@id":"https:\/\/fundacioncie.org.mx\/InformeAnual19\/medio-ambiente\/#breadcrumb","itemListElement":[{"@type":"ListItem","position":1,"name":"Home","item":"https:\/\/fundacioncie.org.mx\/InformeAnual19\/"},{"@type":"ListItem","position":2,"name":"Medio Ambiente"}]},{"@type":"WebSite","@id":"https:\/\/fundacioncie.org.mx\/InformeAnual19\/#website","url":"https:\/\/fundacioncie.org.mx\/InformeAnual19\/","name":"Informe Anual 2019","description":"","publisher":{"@id":"https:\/\/fundacioncie.org.mx\/InformeAnual19\/#organization"},"potentialAction":[{"@type":"SearchAction","target":{"@type":"EntryPoint","urlTemplate":"https:\/\/fundacioncie.org.mx\/InformeAnual19\/?s={search_term_string}"},"query-input":"required name=search_term_string"}],"inLanguage":"en-US"},{"@type":"Organization","@id":"https:\/\/fundacioncie.org.mx\/InformeAnual19\/#organization","name":"Informe Anual 2019","url":"https:\/\/fundacioncie.org.mx\/InformeAnual19\/","logo":{"@type":"ImageObject","inLanguage":"en-US","@id":"https:\/\/fundacioncie.org.mx\/InformeAnual19\/#\/schema\/logo\/image\/","url":"https:\/\/fundacioncie.org.mx\/InformeAnual19\/wp-content\/uploads\/2020\/02\/logo-informe-ok1.png","contentUrl":"https:\/\/fundacioncie.org.mx\/InformeAnual19\/wp-content\/uploads\/2020\/02\/logo-informe-ok1.png","width":140,"height":70,"caption":"Informe Anual 2019"},"image":{"@id":"https:\/\/fundacioncie.org.mx\/InformeAnual19\/#\/schema\/logo\/image\/"}}]}},"_links":{"self":[{"href":"https:\/\/fundacioncie.org.mx\/InformeAnual19\/wp-json\/wp\/v2\/pages\/1586"}],"collection":[{"href":"https:\/\/fundacioncie.org.mx\/InformeAnual19\/wp-json\/wp\/v2\/pages"}],"about":[{"href":"https:\/\/fundacioncie.org.mx\/InformeAnual19\/wp-json\/wp\/v2\/types\/page"}],"author":[{"embeddable":true,"href":"https:\/\/fundacioncie.org.mx\/InformeAnual19\/wp-json\/wp\/v2\/users\/1"}],"replies":[{"embeddable":true,"href":"https:\/\/fundacioncie.org.mx\/InformeAnual19\/wp-json\/wp\/v2\/comments?post=1586"}],"version-history":[{"count":6,"href":"https:\/\/fundacioncie.org.mx\/InformeAnual19\/wp-json\/wp\/v2\/pages\/1586\/revisions"}],"predecessor-version":[{"id":1979,"href":"https:\/\/fundacioncie.org.mx\/InformeAnual19\/wp-json\/wp\/v2\/pages\/1586\/revisions\/1979"}],"wp:attachment":[{"href":"https:\/\/fundacioncie.org.mx\/InformeAnual19\/wp-json\/wp\/v2\/media?parent=1586"}],"curies":[{"name":"wp","href":"https:\/\/api.w.org\/{rel}","templated":true}]}}