{"id":3694,"date":"2020-06-26T22:40:35","date_gmt":"2020-06-26T22:40:35","guid":{"rendered":"https:\/\/fundacioncie.org.mx\/InformeAnual19\/?page_id=3694"},"modified":"2020-06-26T23:25:05","modified_gmt":"2020-06-26T23:25:05","slug":"estados-financieros","status":"publish","type":"page","link":"https:\/\/fundacioncie.org.mx\/InformeAnual19\/estados-financieros\/","title":{"rendered":"Estados Financieros"},"content":{"rendered":"<section class=\"wpb-content-wrapper\"><p>[vc_row][vc_column][rev_slider_vc alias=&#8221;estados&#8221;][\/vc_column][\/vc_row][vc_row][vc_column][vc_column_text]<\/p>\n<div class=\"page\" title=\"Page 5\">\n<div class=\"section\">\n<div class=\"layoutArea\">\n<div class=\"column\">\n<div class=\"page\" title=\"Page 18\">\n<div class=\"section\">\n<div class=\"layoutArea\">\n<div class=\"page\" title=\"Page 20\">\n<div class=\"section\">\n<div class=\"layoutArea\">\n<div class=\"column\">\n<h2 style=\"text-align: center;\"><span style=\"color: #808080;\"><span style=\"caret-color: #808080;\">Descarga para m\u00e1s informaci\u00f3n<\/span><\/span><\/h2>\n<\/div>\n<\/div>\n<\/div>\n<\/div>\n<\/div>\n<\/div>\n<\/div>\n<\/div>\n<\/div>\n<\/div>\n<\/div>\n<p>[\/vc_column_text][\/vc_column][\/vc_row][vc_row css_animation=&#8221;fadeInDown&#8221;][vc_column width=&#8221;1\/2&#8243;][vc_column_text]<\/p>\n<h4 style=\"text-align: center;\"><a href=\"https:\/\/fundacioncie.org.mx\/InformeAnual19\/wp-content\/uploads\/2020\/06\/Estados-de-Situaci\u00f3n-Financiera-FCIE-2019-2018.pdf\">Estado de Situaci\u00f3n Financiera<\/a><\/h4>\n<p>[\/vc_column_text][\/vc_column][vc_column width=&#8221;1\/2&#8243;][vc_column_text]<\/p>\n<h4 style=\"text-align: center;\"><a href=\"https:\/\/fundacioncie.org.mx\/InformeAnual19\/wp-content\/uploads\/2020\/06\/Estado-de-actividades-FCIE-2019-2018.pdf\">Estado de Actividades<\/a><\/h4>\n<p>[\/vc_column_text][\/vc_column][\/vc_row][vc_row][vc_column][vc_column_text]<\/p>\n<h4 style=\"text-align: center;\">Opini\u00f3n<\/h4>\n<div class=\"page\" title=\"Page 1\">\n<div class=\"layoutArea\">\n<div class=\"column\">\n<p>Hemos auditado los estados financieros de Fundaci\u00f3n CIE, A. C. (la Asociaci\u00f3n), que comprenden el estado de situaci\u00f3n financiera al 31 de diciembre de 2019 y los estados de actividades y de flujos de efectivo correspondientes al ejercicio terminado en esa fecha, as\u00ed como las notas explicativas a los estados financieros que incluyen un resumen de las pol\u00edticas contables significativas.<\/p>\n<p>En nuestra opini\u00f3n los estados financieros adjuntos presentan razonablemente, en todos los aspectos materiales, la situaci\u00f3n financiera de la Asociaci\u00f3n al 31 de diciembre de 2019 y su desempe\u00f1o financiero y sus flujos de efectivo correspondientes al ejercicio terminado en esa fecha, de conformidad con las Normas de Informaci\u00f3n Financiera aplicables en M\u00e9xico (NIF).<\/p>\n<p><img decoding=\"async\" loading=\"lazy\" class=\"size-full wp-image-3706 aligncenter\" src=\"https:\/\/fundacioncie.org.mx\/InformeAnual19\/wp-content\/uploads\/2020\/06\/Screen-Shot-2020-06-26-at-6.17.51-PM.png\" alt=\"\" width=\"172\" height=\"139\" \/><\/p>\n<\/div>\n<\/div>\n<\/div>\n<p>[\/vc_column_text][\/vc_column][\/vc_row]<\/p>\n<\/section>","protected":false},"excerpt":{"rendered":"<p>[vc_row][vc_column][rev_slider_vc alias=&#8221;estados&#8221;][\/vc_column][\/vc_row][vc_row][vc_column][vc_column_text] Descarga para m\u00e1s informaci\u00f3n [\/vc_column_text][\/vc_column][\/vc_row][vc_row css_animation=&#8221;fadeInDown&#8221;][vc_column width=&#8221;1\/2&#8243;][vc_column_text] Estado de Situaci\u00f3n Financiera [\/vc_column_text][\/vc_column][vc_column width=&#8221;1\/2&#8243;][vc_column_text] Estado de Actividades [\/vc_column_text][\/vc_column][\/vc_row][vc_row][vc_column][vc_column_text] Opini\u00f3n Hemos auditado los estados financieros de Fundaci\u00f3n CIE, A. C. (la Asociaci\u00f3n), que comprenden el estado de situaci\u00f3n financiera al 31 de diciembre de 2019 y los estados de actividades y de flujos de efectivo&hellip; <br \/> <a class=\"read-more\" href=\"https:\/\/fundacioncie.org.mx\/InformeAnual19\/estados-financieros\/\">Read more<\/a><\/p>\n","protected":false},"author":1,"featured_media":0,"parent":0,"menu_order":0,"comment_status":"closed","ping_status":"closed","template":"","meta":{"_bbp_topic_count":0,"_bbp_reply_count":0,"_bbp_total_topic_count":0,"_bbp_total_reply_count":0,"_bbp_voice_count":0,"_bbp_anonymous_reply_count":0,"_bbp_topic_count_hidden":0,"_bbp_reply_count_hidden":0,"_bbp_forum_subforum_count":0},"yoast_head":"<!-- This site is optimized with the Yoast SEO plugin v20.5 - https:\/\/yoast.com\/wordpress\/plugins\/seo\/ -->\n<title>Estados Financieros - Informe Anual 2019<\/title>\n<meta name=\"robots\" content=\"index, follow, max-snippet:-1, max-image-preview:large, max-video-preview:-1\" \/>\n<link rel=\"canonical\" href=\"https:\/\/fundacioncie.org.mx\/InformeAnual19\/estados-financieros\/\" class=\"yoast-seo-meta-tag\" \/>\n<meta property=\"og:locale\" content=\"en_US\" class=\"yoast-seo-meta-tag\" \/>\n<meta property=\"og:type\" content=\"article\" class=\"yoast-seo-meta-tag\" \/>\n<meta property=\"og:title\" content=\"Estados Financieros - Informe Anual 2019\" class=\"yoast-seo-meta-tag\" \/>\n<meta property=\"og:description\" content=\"[vc_row][vc_column][rev_slider_vc alias=&#8221;estados&#8221;][\/vc_column][\/vc_row][vc_row][vc_column][vc_column_text] Descarga para m\u00e1s informaci\u00f3n [\/vc_column_text][\/vc_column][\/vc_row][vc_row css_animation=&#8221;fadeInDown&#8221;][vc_column width=&#8221;1\/2&#8243;][vc_column_text] Estado de Situaci\u00f3n Financiera [\/vc_column_text][\/vc_column][vc_column width=&#8221;1\/2&#8243;][vc_column_text] Estado de Actividades [\/vc_column_text][\/vc_column][\/vc_row][vc_row][vc_column][vc_column_text] Opini\u00f3n Hemos auditado los estados financieros de Fundaci\u00f3n CIE, A. C. (la Asociaci\u00f3n), que comprenden el estado de situaci\u00f3n financiera al 31 de diciembre de 2019 y los estados de actividades y de flujos de efectivo&hellip; Read more\" class=\"yoast-seo-meta-tag\" \/>\n<meta property=\"og:url\" content=\"https:\/\/fundacioncie.org.mx\/InformeAnual19\/estados-financieros\/\" class=\"yoast-seo-meta-tag\" \/>\n<meta property=\"og:site_name\" content=\"Informe Anual 2019\" class=\"yoast-seo-meta-tag\" \/>\n<meta property=\"article:modified_time\" content=\"2020-06-26T23:25:05+00:00\" class=\"yoast-seo-meta-tag\" \/>\n<meta property=\"og:image\" content=\"https:\/\/fundacioncie.org.mx\/InformeAnual19\/wp-content\/uploads\/2020\/06\/Screen-Shot-2020-06-26-at-6.17.51-PM.png\" class=\"yoast-seo-meta-tag\" \/>\n<meta name=\"twitter:card\" content=\"summary_large_image\" class=\"yoast-seo-meta-tag\" \/>\n<meta name=\"twitter:label1\" content=\"Est. reading time\" class=\"yoast-seo-meta-tag\" \/>\n\t<meta name=\"twitter:data1\" content=\"1 minute\" class=\"yoast-seo-meta-tag\" \/>\n<script type=\"application\/ld+json\" class=\"yoast-schema-graph\">{\"@context\":\"https:\/\/schema.org\",\"@graph\":[{\"@type\":\"WebPage\",\"@id\":\"https:\/\/fundacioncie.org.mx\/InformeAnual19\/estados-financieros\/\",\"url\":\"https:\/\/fundacioncie.org.mx\/InformeAnual19\/estados-financieros\/\",\"name\":\"Estados Financieros - Informe Anual 2019\",\"isPartOf\":{\"@id\":\"https:\/\/fundacioncie.org.mx\/InformeAnual19\/#website\"},\"datePublished\":\"2020-06-26T22:40:35+00:00\",\"dateModified\":\"2020-06-26T23:25:05+00:00\",\"breadcrumb\":{\"@id\":\"https:\/\/fundacioncie.org.mx\/InformeAnual19\/estados-financieros\/#breadcrumb\"},\"inLanguage\":\"en-US\",\"potentialAction\":[{\"@type\":\"ReadAction\",\"target\":[\"https:\/\/fundacioncie.org.mx\/InformeAnual19\/estados-financieros\/\"]}]},{\"@type\":\"BreadcrumbList\",\"@id\":\"https:\/\/fundacioncie.org.mx\/InformeAnual19\/estados-financieros\/#breadcrumb\",\"itemListElement\":[{\"@type\":\"ListItem\",\"position\":1,\"name\":\"Home\",\"item\":\"https:\/\/fundacioncie.org.mx\/InformeAnual19\/\"},{\"@type\":\"ListItem\",\"position\":2,\"name\":\"Estados Financieros\"}]},{\"@type\":\"WebSite\",\"@id\":\"https:\/\/fundacioncie.org.mx\/InformeAnual19\/#website\",\"url\":\"https:\/\/fundacioncie.org.mx\/InformeAnual19\/\",\"name\":\"Informe Anual 2019\",\"description\":\"\",\"publisher\":{\"@id\":\"https:\/\/fundacioncie.org.mx\/InformeAnual19\/#organization\"},\"potentialAction\":[{\"@type\":\"SearchAction\",\"target\":{\"@type\":\"EntryPoint\",\"urlTemplate\":\"https:\/\/fundacioncie.org.mx\/InformeAnual19\/?s={search_term_string}\"},\"query-input\":\"required name=search_term_string\"}],\"inLanguage\":\"en-US\"},{\"@type\":\"Organization\",\"@id\":\"https:\/\/fundacioncie.org.mx\/InformeAnual19\/#organization\",\"name\":\"Informe Anual 2019\",\"url\":\"https:\/\/fundacioncie.org.mx\/InformeAnual19\/\",\"logo\":{\"@type\":\"ImageObject\",\"inLanguage\":\"en-US\",\"@id\":\"https:\/\/fundacioncie.org.mx\/InformeAnual19\/#\/schema\/logo\/image\/\",\"url\":\"https:\/\/fundacioncie.org.mx\/InformeAnual19\/wp-content\/uploads\/2020\/02\/logo-informe-ok1.png\",\"contentUrl\":\"https:\/\/fundacioncie.org.mx\/InformeAnual19\/wp-content\/uploads\/2020\/02\/logo-informe-ok1.png\",\"width\":140,\"height\":70,\"caption\":\"Informe Anual 2019\"},\"image\":{\"@id\":\"https:\/\/fundacioncie.org.mx\/InformeAnual19\/#\/schema\/logo\/image\/\"}}]}<\/script>\n<!-- \/ Yoast SEO plugin. -->","yoast_head_json":{"title":"Estados Financieros - Informe Anual 2019","robots":{"index":"index","follow":"follow","max-snippet":"max-snippet:-1","max-image-preview":"max-image-preview:large","max-video-preview":"max-video-preview:-1"},"canonical":"https:\/\/fundacioncie.org.mx\/InformeAnual19\/estados-financieros\/","og_locale":"en_US","og_type":"article","og_title":"Estados Financieros - Informe Anual 2019","og_description":"[vc_row][vc_column][rev_slider_vc alias=&#8221;estados&#8221;][\/vc_column][\/vc_row][vc_row][vc_column][vc_column_text] Descarga para m\u00e1s informaci\u00f3n [\/vc_column_text][\/vc_column][\/vc_row][vc_row css_animation=&#8221;fadeInDown&#8221;][vc_column width=&#8221;1\/2&#8243;][vc_column_text] Estado de Situaci\u00f3n Financiera [\/vc_column_text][\/vc_column][vc_column width=&#8221;1\/2&#8243;][vc_column_text] Estado de Actividades [\/vc_column_text][\/vc_column][\/vc_row][vc_row][vc_column][vc_column_text] Opini\u00f3n Hemos auditado los estados financieros de Fundaci\u00f3n CIE, A. C. (la Asociaci\u00f3n), que comprenden el estado de situaci\u00f3n financiera al 31 de diciembre de 2019 y los estados de actividades y de flujos de efectivo&hellip; Read more","og_url":"https:\/\/fundacioncie.org.mx\/InformeAnual19\/estados-financieros\/","og_site_name":"Informe Anual 2019","article_modified_time":"2020-06-26T23:25:05+00:00","og_image":[{"url":"https:\/\/fundacioncie.org.mx\/InformeAnual19\/wp-content\/uploads\/2020\/06\/Screen-Shot-2020-06-26-at-6.17.51-PM.png"}],"twitter_card":"summary_large_image","twitter_misc":{"Est. reading time":"1 minute"},"schema":{"@context":"https:\/\/schema.org","@graph":[{"@type":"WebPage","@id":"https:\/\/fundacioncie.org.mx\/InformeAnual19\/estados-financieros\/","url":"https:\/\/fundacioncie.org.mx\/InformeAnual19\/estados-financieros\/","name":"Estados Financieros - Informe Anual 2019","isPartOf":{"@id":"https:\/\/fundacioncie.org.mx\/InformeAnual19\/#website"},"datePublished":"2020-06-26T22:40:35+00:00","dateModified":"2020-06-26T23:25:05+00:00","breadcrumb":{"@id":"https:\/\/fundacioncie.org.mx\/InformeAnual19\/estados-financieros\/#breadcrumb"},"inLanguage":"en-US","potentialAction":[{"@type":"ReadAction","target":["https:\/\/fundacioncie.org.mx\/InformeAnual19\/estados-financieros\/"]}]},{"@type":"BreadcrumbList","@id":"https:\/\/fundacioncie.org.mx\/InformeAnual19\/estados-financieros\/#breadcrumb","itemListElement":[{"@type":"ListItem","position":1,"name":"Home","item":"https:\/\/fundacioncie.org.mx\/InformeAnual19\/"},{"@type":"ListItem","position":2,"name":"Estados Financieros"}]},{"@type":"WebSite","@id":"https:\/\/fundacioncie.org.mx\/InformeAnual19\/#website","url":"https:\/\/fundacioncie.org.mx\/InformeAnual19\/","name":"Informe Anual 2019","description":"","publisher":{"@id":"https:\/\/fundacioncie.org.mx\/InformeAnual19\/#organization"},"potentialAction":[{"@type":"SearchAction","target":{"@type":"EntryPoint","urlTemplate":"https:\/\/fundacioncie.org.mx\/InformeAnual19\/?s={search_term_string}"},"query-input":"required name=search_term_string"}],"inLanguage":"en-US"},{"@type":"Organization","@id":"https:\/\/fundacioncie.org.mx\/InformeAnual19\/#organization","name":"Informe Anual 2019","url":"https:\/\/fundacioncie.org.mx\/InformeAnual19\/","logo":{"@type":"ImageObject","inLanguage":"en-US","@id":"https:\/\/fundacioncie.org.mx\/InformeAnual19\/#\/schema\/logo\/image\/","url":"https:\/\/fundacioncie.org.mx\/InformeAnual19\/wp-content\/uploads\/2020\/02\/logo-informe-ok1.png","contentUrl":"https:\/\/fundacioncie.org.mx\/InformeAnual19\/wp-content\/uploads\/2020\/02\/logo-informe-ok1.png","width":140,"height":70,"caption":"Informe Anual 2019"},"image":{"@id":"https:\/\/fundacioncie.org.mx\/InformeAnual19\/#\/schema\/logo\/image\/"}}]}},"_links":{"self":[{"href":"https:\/\/fundacioncie.org.mx\/InformeAnual19\/wp-json\/wp\/v2\/pages\/3694"}],"collection":[{"href":"https:\/\/fundacioncie.org.mx\/InformeAnual19\/wp-json\/wp\/v2\/pages"}],"about":[{"href":"https:\/\/fundacioncie.org.mx\/InformeAnual19\/wp-json\/wp\/v2\/types\/page"}],"author":[{"embeddable":true,"href":"https:\/\/fundacioncie.org.mx\/InformeAnual19\/wp-json\/wp\/v2\/users\/1"}],"replies":[{"embeddable":true,"href":"https:\/\/fundacioncie.org.mx\/InformeAnual19\/wp-json\/wp\/v2\/comments?post=3694"}],"version-history":[{"count":4,"href":"https:\/\/fundacioncie.org.mx\/InformeAnual19\/wp-json\/wp\/v2\/pages\/3694\/revisions"}],"predecessor-version":[{"id":3707,"href":"https:\/\/fundacioncie.org.mx\/InformeAnual19\/wp-json\/wp\/v2\/pages\/3694\/revisions\/3707"}],"wp:attachment":[{"href":"https:\/\/fundacioncie.org.mx\/InformeAnual19\/wp-json\/wp\/v2\/media?parent=3694"}],"curies":[{"name":"wp","href":"https:\/\/api.w.org\/{rel}","templated":true}]}}